{"id":1395,"date":"2025-05-21T10:05:36","date_gmt":"2025-05-21T08:05:36","guid":{"rendered":"https:\/\/theseduction.eu\/team\/"},"modified":"2025-06-04T15:36:45","modified_gmt":"2025-06-04T13:36:45","slug":"team","status":"publish","type":"page","link":"https:\/\/theseduction.eu\/en\/team\/","title":{"rendered":"Team"},"content":{"rendered":"\t\t<div data-elementor-type=\"wp-page\" data-elementor-id=\"1395\" class=\"elementor elementor-1395 elementor-704\" data-elementor-post-type=\"page\">\n\t\t\t\t<div class=\"elementor-element elementor-element-6cead258 e-con-full e-flex e-con e-parent\" data-id=\"6cead258\" data-element_type=\"container\" data-e-type=\"container\">\n\t\t\t\t<div class=\"elementor-element elementor-element-6e58a7b8 elementor-widget elementor-widget-image\" data-id=\"6e58a7b8\" data-element_type=\"widget\" data-e-type=\"widget\" data-widget_type=\"image.default\">\n\t\t\t\t<div class=\"elementor-widget-container\">\n\t\t\t\t\t\t\t\t\t\t\t\t\t\t\t<img fetchpriority=\"high\" decoding=\"async\" width=\"800\" height=\"250\" src=\"https:\/\/theseduction.eu\/wp-content\/uploads\/2025\/05\/Contacto__-1024x320.jpg\" class=\"attachment-large size-large wp-image-724\" alt=\"\" srcset=\"https:\/\/theseduction.eu\/wp-content\/uploads\/2025\/05\/Contacto__-1024x320.jpg 1024w, https:\/\/theseduction.eu\/wp-content\/uploads\/2025\/05\/Contacto__-600x188.jpg 600w, https:\/\/theseduction.eu\/wp-content\/uploads\/2025\/05\/Contacto__-300x94.jpg 300w, https:\/\/theseduction.eu\/wp-content\/uploads\/2025\/05\/Contacto__-768x240.jpg 768w, https:\/\/theseduction.eu\/wp-content\/uploads\/2025\/05\/Contacto__.jpg 1441w\" sizes=\"(max-width: 800px) 100vw, 800px\" \/>\t\t\t\t\t\t\t\t\t\t\t\t\t\t\t<\/div>\n\t\t\t\t<\/div>\n\t\t\t\t<\/div>\n\t\t<div class=\"elementor-element elementor-element-6205e65c e-flex e-con-boxed e-con e-parent\" data-id=\"6205e65c\" data-element_type=\"container\" data-e-type=\"container\">\n\t\t\t\t\t<div class=\"e-con-inner\">\n\t\t\t\t<div class=\"elementor-element elementor-element-7ffa4a69 elementor-widget elementor-widget-heading\" data-id=\"7ffa4a69\" data-element_type=\"widget\" data-e-type=\"widget\" data-widget_type=\"heading.default\">\n\t\t\t\t<div class=\"elementor-widget-container\">\n\t\t\t\t\t<h2 class=\"elementor-heading-title elementor-size-default\">Meet our team<\/h2>\t\t\t\t<\/div>\n\t\t\t\t<\/div>\n\t\t\t\t<div class=\"elementor-element elementor-element-58e0a41 elementor-widget elementor-widget-text-editor\" data-id=\"58e0a41\" data-element_type=\"widget\" data-e-type=\"widget\" data-widget_type=\"text-editor.default\">\n\t\t\t\t<div class=\"elementor-widget-container\">\n\t\t\t\t\t\t\t\t\t<p>We are part of <a href=\"http:\/\/www.nestseekers.com\">Nest Seekers International<\/a> to continue growing with one of the world&#8217;s most exclusive luxury real estate and services firms, offering high-end properties and experiences on five continents.<\/p>\t\t\t\t\t\t\t\t<\/div>\n\t\t\t\t<\/div>\n\t\t\t\t\t<\/div>\n\t\t\t\t<\/div>\n\t\t<div class=\"elementor-element elementor-element-471e8884 quienes_ e-flex e-con-boxed e-con e-parent\" data-id=\"471e8884\" data-element_type=\"container\" data-e-type=\"container\">\n\t\t\t\t\t<div class=\"e-con-inner\">\n\t\t<div class=\"elementor-element elementor-element-2f3f14d6 e-con-full e-flex e-con e-child\" data-id=\"2f3f14d6\" data-element_type=\"container\" data-e-type=\"container\">\n\t\t\t\t<\/div>\n\t\t<div class=\"elementor-element elementor-element-36bf0d08 e-con-full e-flex e-con e-child\" data-id=\"36bf0d08\" data-element_type=\"container\" data-e-type=\"container\">\n\t\t\t\t<div class=\"elementor-element elementor-element-78e0b0b1 elementor-cta--valign-middle elementor-cta--skin-classic elementor-animated-content elementor-bg-transform elementor-bg-transform-zoom-in elementor-widget elementor-widget-call-to-action\" data-id=\"78e0b0b1\" data-element_type=\"widget\" data-e-type=\"widget\" data-widget_type=\"call-to-action.default\">\n\t\t\t\t<div class=\"elementor-widget-container\">\n\t\t\t\t\t\t\t<a class=\"elementor-cta\" href=\"mailto:angeld@nestseekers.eu\">\n\t\t\t\t\t<div class=\"elementor-cta__bg-wrapper\">\n\t\t\t\t<div class=\"elementor-cta__bg elementor-bg\" style=\"background-image: url(https:\/\/theseduction.eu\/wp-content\/uploads\/2025\/05\/Angel-3.jpg);\" role=\"img\" aria-label=\"A\u0301ngel\"><\/div>\n\t\t\t\t<div class=\"elementor-cta__bg-overlay\"><\/div>\n\t\t\t<\/div>\n\t\t\t\t\t\t\t<div class=\"elementor-cta__content\">\n\t\t\t\t\n\t\t\t\t\t\t\t\t\t<h2 class=\"elementor-cta__title elementor-cta__content-item elementor-content-item\">\n\t\t\t\t\t\t<span class=\"small_\">CAT ES ENG <\/span><br>\u00c1ngel Diez\t\t\t\t\t<\/h2>\n\t\t\t\t\n\t\t\t\t\t\t\t\t\t<div class=\"elementor-cta__description elementor-cta__content-item elementor-content-item\">\n\t\t\t\t\t\tCEO\t\t\t\t\t<\/div>\n\t\t\t\t\n\t\t\t\t\t\t\t\t\t<div class=\"elementor-cta__button-wrapper elementor-cta__content-item elementor-content-item \">\n\t\t\t\t\t<span class=\"elementor-cta__button elementor-button elementor-size-\">\n\t\t\t\t\t\tangeld@nestseekers.eu\t\t\t\t\t<\/span>\n\t\t\t\t\t<\/div>\n\t\t\t\t\t\t\t<\/div>\n\t\t\t\t\t\t<\/a>\n\t\t\t\t\t\t<\/div>\n\t\t\t\t<\/div>\n\t\t\t\t<\/div>\n\t\t<div class=\"elementor-element elementor-element-5590b15b e-con-full e-flex e-con e-child\" data-id=\"5590b15b\" data-element_type=\"container\" data-e-type=\"container\">\n\t\t\t\t<div class=\"elementor-element elementor-element-4fc99fe7 elementor-cta--valign-middle elementor-cta--skin-classic elementor-animated-content elementor-bg-transform elementor-bg-transform-zoom-in elementor-widget elementor-widget-call-to-action\" data-id=\"4fc99fe7\" data-element_type=\"widget\" data-e-type=\"widget\" data-widget_type=\"call-to-action.default\">\n\t\t\t\t<div class=\"elementor-widget-container\">\n\t\t\t\t\t\t\t<a class=\"elementor-cta\" href=\"mailto:irmam@nestseekers.com\">\n\t\t\t\t\t<div class=\"elementor-cta__bg-wrapper\">\n\t\t\t\t<div class=\"elementor-cta__bg elementor-bg\" style=\"background-image: url(https:\/\/theseduction.eu\/wp-content\/uploads\/2025\/06\/image-39.jpg);\" role=\"img\" aria-label=\"image 39\"><\/div>\n\t\t\t\t<div class=\"elementor-cta__bg-overlay\"><\/div>\n\t\t\t<\/div>\n\t\t\t\t\t\t\t<div class=\"elementor-cta__content\">\n\t\t\t\t\n\t\t\t\t\t\t\t\t\t<h2 class=\"elementor-cta__title elementor-cta__content-item elementor-content-item\">\n\t\t\t\t\t\t<span class=\"small_\">CAT ES ENG <\/span><br>Irma Montalvan\t\t\t\t\t<\/h2>\n\t\t\t\t\n\t\t\t\t\t\t\t\t\t<div class=\"elementor-cta__description elementor-cta__content-item elementor-content-item\">\n\t\t\t\t\t\tCommercial address\t\t\t\t\t<\/div>\n\t\t\t\t\n\t\t\t\t\t\t\t\t\t<div class=\"elementor-cta__button-wrapper elementor-cta__content-item elementor-content-item \">\n\t\t\t\t\t<span class=\"elementor-cta__button elementor-button elementor-size-\">\n\t\t\t\t\t\tirmam@nestseekers.com\t\t\t\t\t<\/span>\n\t\t\t\t\t<\/div>\n\t\t\t\t\t\t\t<\/div>\n\t\t\t\t\t\t<\/a>\n\t\t\t\t\t\t<\/div>\n\t\t\t\t<\/div>\n\t\t\t\t<\/div>\n\t\t<div class=\"elementor-element elementor-element-1d5bda6e e-con-full e-flex e-con e-child\" data-id=\"1d5bda6e\" data-element_type=\"container\" data-e-type=\"container\">\n\t\t\t\t<\/div>\n\t\t\t\t\t<\/div>\n\t\t\t\t<\/div>\n\t\t<div class=\"elementor-element elementor-element-229e52fa quienes_ e-flex e-con-boxed e-con e-parent\" data-id=\"229e52fa\" data-element_type=\"container\" data-e-type=\"container\">\n\t\t\t\t\t<div class=\"e-con-inner\">\n\t\t<div class=\"elementor-element elementor-element-1fa1670f e-con-full e-flex e-con e-child\" data-id=\"1fa1670f\" data-element_type=\"container\" data-e-type=\"container\">\n\t\t\t\t<\/div>\n\t\t<div class=\"elementor-element elementor-element-97b30 e-con-full e-flex e-con e-child\" data-id=\"97b30\" data-element_type=\"container\" data-e-type=\"container\">\n\t\t\t\t<div class=\"elementor-element elementor-element-113b3f58 elementor-cta--valign-middle elementor-cta--skin-classic elementor-animated-content elementor-bg-transform elementor-bg-transform-zoom-in elementor-widget elementor-widget-call-to-action\" data-id=\"113b3f58\" data-element_type=\"widget\" data-e-type=\"widget\" data-widget_type=\"call-to-action.default\">\n\t\t\t\t<div class=\"elementor-widget-container\">\n\t\t\t\t\t\t\t<a class=\"elementor-cta\" href=\"mailto:sofiar@theseduction.eu\">\n\t\t\t\t\t<div class=\"elementor-cta__bg-wrapper\">\n\t\t\t\t<div class=\"elementor-cta__bg elementor-bg\" style=\"background-image: url(https:\/\/theseduction.eu\/wp-content\/uploads\/2025\/05\/Sofia-1.jpg);\" role=\"img\" aria-label=\"Sofia\"><\/div>\n\t\t\t\t<div class=\"elementor-cta__bg-overlay\"><\/div>\n\t\t\t<\/div>\n\t\t\t\t\t\t\t<div class=\"elementor-cta__content\">\n\t\t\t\t\n\t\t\t\t\t\t\t\t\t<h2 class=\"elementor-cta__title elementor-cta__content-item elementor-content-item\">\n\t\t\t\t\t\t<span class=\"small_\">CAT ES ENG <\/span><br>Sof\u00eda Rodr\u00edguez\t\t\t\t\t<\/h2>\n\t\t\t\t\n\t\t\t\t\t\t\t\t\t<div class=\"elementor-cta__description elementor-cta__content-item elementor-content-item\">\n\t\t\t\t\t\tDesigner\/real estate agent\t\t\t\t\t<\/div>\n\t\t\t\t\n\t\t\t\t\t\t\t\t\t<div class=\"elementor-cta__button-wrapper elementor-cta__content-item elementor-content-item \">\n\t\t\t\t\t<span class=\"elementor-cta__button elementor-button elementor-size-\">\n\t\t\t\t\t\tsofiar@theseduction.eu\t\t\t\t\t<\/span>\n\t\t\t\t\t<\/div>\n\t\t\t\t\t\t\t<\/div>\n\t\t\t\t\t\t<\/a>\n\t\t\t\t\t\t<\/div>\n\t\t\t\t<\/div>\n\t\t\t\t<\/div>\n\t\t<div class=\"elementor-element elementor-element-39e92980 e-con-full e-flex e-con e-child\" data-id=\"39e92980\" data-element_type=\"container\" data-e-type=\"container\">\n\t\t\t\t<\/div>\n\t\t\t\t\t<\/div>\n\t\t\t\t<\/div>\n\t\t<div class=\"elementor-element elementor-element-3d20928b e-flex e-con-boxed e-con e-parent\" data-id=\"3d20928b\" data-element_type=\"container\" data-e-type=\"container\">\n\t\t\t\t\t<div class=\"e-con-inner\">\n\t\t<div class=\"elementor-element elementor-element-1244975e e-con-full e-flex e-con e-child\" data-id=\"1244975e\" data-element_type=\"container\" data-e-type=\"container\">\n\t\t\t\t<div class=\"elementor-element elementor-element-2e0c2c6e elementor-align-right elementor-widget elementor-widget-button\" data-id=\"2e0c2c6e\" data-element_type=\"widget\" data-e-type=\"widget\" data-widget_type=\"button.default\">\n\t\t\t\t<div class=\"elementor-widget-container\">\n\t\t\t\t\t\t\t\t\t<div class=\"elementor-button-wrapper\">\n\t\t\t\t\t<a class=\"elementor-button elementor-button-link elementor-size-sm\" href=\"https:\/\/theseduction.eu\/en\/marketing\/\">\n\t\t\t\t\t\t<span class=\"elementor-button-content-wrapper\">\n\t\t\t\t\t\t\t\t\t<span class=\"elementor-button-text\">Marketing<\/span>\n\t\t\t\t\t<\/span>\n\t\t\t\t\t<\/a>\n\t\t\t\t<\/div>\n\t\t\t\t\t\t\t\t<\/div>\n\t\t\t\t<\/div>\n\t\t\t\t<\/div>\n\t\t<div class=\"elementor-element elementor-element-1fe693e1 e-con-full e-flex e-con e-child\" data-id=\"1fe693e1\" data-element_type=\"container\" data-e-type=\"container\">\n\t\t\t\t<div class=\"elementor-element elementor-element-35e243ac elementor-align-left elementor-widget elementor-widget-button\" data-id=\"35e243ac\" data-element_type=\"widget\" data-e-type=\"widget\" data-widget_type=\"button.default\">\n\t\t\t\t<div class=\"elementor-widget-container\">\n\t\t\t\t\t\t\t\t\t<div class=\"elementor-button-wrapper\">\n\t\t\t\t\t<a class=\"elementor-button elementor-button-link elementor-size-sm\" href=\"https:\/\/theseduction.eu\/en\/contracts\/\">\n\t\t\t\t\t\t<span class=\"elementor-button-content-wrapper\">\n\t\t\t\t\t\t\t\t\t<span class=\"elementor-button-text\">Contracts<\/span>\n\t\t\t\t\t<\/span>\n\t\t\t\t\t<\/a>\n\t\t\t\t<\/div>\n\t\t\t\t\t\t\t\t<\/div>\n\t\t\t\t<\/div>\n\t\t\t\t<\/div>\n\t\t\t\t\t<\/div>\n\t\t\t\t<\/div>\n\t\t<div class=\"elementor-element elementor-element-36efdcbb e-flex e-con-boxed e-con e-parent\" data-id=\"36efdcbb\" data-element_type=\"container\" data-e-type=\"container\" data-settings=\"{&quot;background_background&quot;:&quot;classic&quot;}\">\n\t\t\t\t\t<div class=\"e-con-inner\">\n\t\t<div class=\"elementor-element elementor-element-3e169efe e-con-full e-flex e-con e-child\" data-id=\"3e169efe\" data-element_type=\"container\" data-e-type=\"container\" data-settings=\"{&quot;background_background&quot;:&quot;classic&quot;}\">\n\t\t\t\t<div class=\"elementor-element elementor-element-537ab4af elementor-widget elementor-widget-heading\" data-id=\"537ab4af\" data-element_type=\"widget\" data-e-type=\"widget\" data-widget_type=\"heading.default\">\n\t\t\t\t<div class=\"elementor-widget-container\">\n\t\t\t\t\t<h2 class=\"elementor-heading-title elementor-size-default\">Part of the World's No. 1 in Real Estate<\/h2>\t\t\t\t<\/div>\n\t\t\t\t<\/div>\n\t\t\t\t<div class=\"elementor-element elementor-element-52abd576 elementor-align-start elementor-list-item-link-full_width elementor-widget elementor-widget-icon-list\" data-id=\"52abd576\" data-element_type=\"widget\" data-e-type=\"widget\" data-widget_type=\"icon-list.default\">\n\t\t\t\t<div class=\"elementor-widget-container\">\n\t\t\t\t\t\t\t<ul class=\"elementor-icon-list-items\">\n\t\t\t\t\t\t\t<li class=\"elementor-icon-list-item\">\n\t\t\t\t\t\t\t\t\t\t\t<span class=\"elementor-icon-list-icon\">\n\t\t\t\t\t\t\t<svg xmlns=\"http:\/\/www.w3.org\/2000\/svg\" width=\"18\" height=\"18\" viewBox=\"0 0 18 18\" fill=\"none\"><path d=\"M16 9L9 2L2 9L9 16L16 9Z\" stroke=\"#6590A5\" stroke-width=\"1.5\"><\/path><\/svg>\t\t\t\t\t\t<\/span>\n\t\t\t\t\t\t\t\t\t\t<span class=\"elementor-icon-list-text\"><b>Requirements<\/b> <br>You speak languages <br>You are self-employed <br>You like architecture <br>You like interior design <br>You like real estate<\/span>\n\t\t\t\t\t\t\t\t\t<\/li>\n\t\t\t\t\t\t\t\t<li class=\"elementor-icon-list-item\">\n\t\t\t\t\t\t\t\t\t\t\t<span class=\"elementor-icon-list-icon\">\n\t\t\t\t\t\t\t<svg xmlns=\"http:\/\/www.w3.org\/2000\/svg\" width=\"18\" height=\"18\" viewBox=\"0 0 18 18\" fill=\"none\"><path d=\"M16 9L9 2L2 9L9 16L16 9Z\" stroke=\"#6590A5\" stroke-width=\"1.5\"><\/path><\/svg>\t\t\t\t\t\t<\/span>\n\t\t\t\t\t\t\t\t\t\t<span class=\"elementor-icon-list-text\"><b>Job offers<\/b> <br>Catalonia<\/span>\n\t\t\t\t\t\t\t\t\t<\/li>\n\t\t\t\t\t\t\t\t<li class=\"elementor-icon-list-item\">\n\t\t\t\t\t\t\t\t\t\t\t<span class=\"elementor-icon-list-icon\">\n\t\t\t\t\t\t\t<svg xmlns=\"http:\/\/www.w3.org\/2000\/svg\" width=\"18\" height=\"18\" viewBox=\"0 0 18 18\" fill=\"none\"><path d=\"M16 9L9 2L2 9L9 16L16 9Z\" stroke=\"#6590A5\" stroke-width=\"1.5\"><\/path><\/svg>\t\t\t\t\t\t<\/span>\n\t\t\t\t\t\t\t\t\t\t<span class=\"elementor-icon-list-text\"><b>Send your r\u00e9sum\u00e9 to<\/b> <br>+34 617 309 388 <br><a href=\"mailto:info@theseduction.eu\">info@theseduction.eu<\/a><\/span>\n\t\t\t\t\t\t\t\t\t<\/li>\n\t\t\t\t\t\t<\/ul>\n\t\t\t\t\t\t<\/div>\n\t\t\t\t<\/div>\n\t\t\t\t<div class=\"elementor-element elementor-element-5b25d3eb elementor-align-left elementor-widget elementor-widget-button\" data-id=\"5b25d3eb\" data-element_type=\"widget\" data-e-type=\"widget\" data-widget_type=\"button.default\">\n\t\t\t\t<div class=\"elementor-widget-container\">\n\t\t\t\t\t\t\t\t\t<div class=\"elementor-button-wrapper\">\n\t\t\t\t\t<a class=\"elementor-button elementor-button-link elementor-size-sm\" href=\"https:\/\/theseduction.eu\/en\/contact\/\">\n\t\t\t\t\t\t<span class=\"elementor-button-content-wrapper\">\n\t\t\t\t\t\t\t\t\t<span class=\"elementor-button-text\">Join the team!<\/span>\n\t\t\t\t\t<\/span>\n\t\t\t\t\t<\/a>\n\t\t\t\t<\/div>\n\t\t\t\t\t\t\t\t<\/div>\n\t\t\t\t<\/div>\n\t\t\t\t<\/div>\n\t\t<div class=\"elementor-element elementor-element-60435452 e-con-full e-flex e-con e-child\" data-id=\"60435452\" data-element_type=\"container\" data-e-type=\"container\">\n\t\t\t\t<\/div>\n\t\t\t\t\t<\/div>\n\t\t\t\t<\/div>\n\t\t\t\t<\/div>\n\t\t","protected":false},"excerpt":{"rendered":"<p>Meet our team We are part of Nest Seekers International to continue growing with one of the world&#8217;s most exclusive luxury real estate and services firms, offering high-end properties and experiences on five continents. CAT ES ENG \u00c1ngel Diez CEO angeld@nestseekers.eu CAT ES ENG Irma Montalvan Commercial address irmam@nestseekers.com CAT ES ENG Sof\u00eda Rodr\u00edguez Designer\/real [&hellip;]<\/p>\n","protected":false},"author":1,"featured_media":0,"parent":0,"menu_order":0,"comment_status":"closed","ping_status":"closed","template":"","meta":{"inline_featured_image":false,"footnotes":""},"class_list":["post-1395","page","type-page","status-publish","hentry"],"yoast_head":"<!-- This site is optimized with the Yoast SEO plugin v27.2 - https:\/\/yoast.com\/product\/yoast-seo-wordpress\/ -->\n<title>Team - The Seduction<\/title>\n<meta name=\"robots\" content=\"index, follow, max-snippet:-1, max-image-preview:large, max-video-preview:-1\" \/>\n<link rel=\"canonical\" href=\"https:\/\/theseduction.eu\/en\/team\/\" \/>\n<meta property=\"og:locale\" content=\"en_US\" \/>\n<meta property=\"og:type\" content=\"article\" \/>\n<meta property=\"og:title\" content=\"Team - The Seduction\" \/>\n<meta property=\"og:description\" content=\"Meet our team We are part of Nest Seekers International to continue growing with one of the world&#8217;s most exclusive luxury real estate and services firms, offering high-end properties and experiences on five continents. CAT ES ENG \u00c1ngel Diez CEO angeld@nestseekers.eu CAT ES ENG Irma Montalvan Commercial address irmam@nestseekers.com CAT ES ENG Sof\u00eda Rodr\u00edguez Designer\/real [&hellip;]\" \/>\n<meta property=\"og:url\" content=\"https:\/\/theseduction.eu\/en\/team\/\" \/>\n<meta property=\"og:site_name\" content=\"The Seduction\" \/>\n<meta property=\"article:modified_time\" content=\"2025-06-04T13:36:45+00:00\" \/>\n<meta property=\"og:image\" content=\"https:\/\/theseduction.eu\/wp-content\/uploads\/2025\/05\/Contacto__-1024x320.jpg\" \/>\n<meta name=\"twitter:card\" content=\"summary_large_image\" \/>\n<meta name=\"twitter:label1\" content=\"Est. reading time\" \/>\n\t<meta name=\"twitter:data1\" content=\"1 minute\" \/>\n<!-- \/ Yoast SEO plugin. -->","yoast_head_json":{"title":"Team - The Seduction","robots":{"index":"index","follow":"follow","max-snippet":"max-snippet:-1","max-image-preview":"max-image-preview:large","max-video-preview":"max-video-preview:-1"},"canonical":"https:\/\/theseduction.eu\/en\/team\/","og_locale":"en_US","og_type":"article","og_title":"Team - The Seduction","og_description":"Meet our team We are part of Nest Seekers International to continue growing with one of the world&#8217;s most exclusive luxury real estate and services firms, offering high-end properties and experiences on five continents. CAT ES ENG \u00c1ngel Diez CEO angeld@nestseekers.eu CAT ES ENG Irma Montalvan Commercial address irmam@nestseekers.com CAT ES ENG Sof\u00eda Rodr\u00edguez Designer\/real [&hellip;]","og_url":"https:\/\/theseduction.eu\/en\/team\/","og_site_name":"The Seduction","article_modified_time":"2025-06-04T13:36:45+00:00","og_image":[{"url":"https:\/\/theseduction.eu\/wp-content\/uploads\/2025\/05\/Contacto__-1024x320.jpg","type":"","width":"","height":""}],"twitter_card":"summary_large_image","twitter_misc":{"Est. reading time":"1 minute"},"schema":{"@context":"https:\/\/schema.org","@graph":[{"@type":"WebPage","@id":"https:\/\/theseduction.eu\/en\/team\/","url":"https:\/\/theseduction.eu\/en\/team\/","name":"Team - The Seduction","isPartOf":{"@id":"https:\/\/theseduction.eu\/en\/#website"},"primaryImageOfPage":{"@id":"https:\/\/theseduction.eu\/en\/team\/#primaryimage"},"image":{"@id":"https:\/\/theseduction.eu\/en\/team\/#primaryimage"},"thumbnailUrl":"https:\/\/theseduction.eu\/wp-content\/uploads\/2025\/05\/Contacto__-1024x320.jpg","datePublished":"2025-05-21T08:05:36+00:00","dateModified":"2025-06-04T13:36:45+00:00","breadcrumb":{"@id":"https:\/\/theseduction.eu\/en\/team\/#breadcrumb"},"inLanguage":"en-US","potentialAction":[{"@type":"ReadAction","target":["https:\/\/theseduction.eu\/en\/team\/"]}]},{"@type":"ImageObject","inLanguage":"en-US","@id":"https:\/\/theseduction.eu\/en\/team\/#primaryimage","url":"https:\/\/theseduction.eu\/wp-content\/uploads\/2025\/05\/Contacto__-1024x320.jpg","contentUrl":"https:\/\/theseduction.eu\/wp-content\/uploads\/2025\/05\/Contacto__-1024x320.jpg"},{"@type":"BreadcrumbList","@id":"https:\/\/theseduction.eu\/en\/team\/#breadcrumb","itemListElement":[{"@type":"ListItem","position":1,"name":"Portada","item":"https:\/\/theseduction.eu\/en\/"},{"@type":"ListItem","position":2,"name":"Team"}]},{"@type":"WebSite","@id":"https:\/\/theseduction.eu\/en\/#website","url":"https:\/\/theseduction.eu\/en\/","name":"The Seduction","description":"","publisher":{"@id":"https:\/\/theseduction.eu\/en\/#organization"},"potentialAction":[{"@type":"SearchAction","target":{"@type":"EntryPoint","urlTemplate":"https:\/\/theseduction.eu\/en\/?s={search_term_string}"},"query-input":{"@type":"PropertyValueSpecification","valueRequired":true,"valueName":"search_term_string"}}],"inLanguage":"en-US"},{"@type":"Organization","@id":"https:\/\/theseduction.eu\/en\/#organization","name":"The Seduction","url":"https:\/\/theseduction.eu\/en\/","logo":{"@type":"ImageObject","inLanguage":"en-US","@id":"https:\/\/theseduction.eu\/en\/#\/schema\/logo\/image\/","url":"https:\/\/theseduction.eu\/wp-content\/uploads\/2025\/05\/logo.svg","contentUrl":"https:\/\/theseduction.eu\/wp-content\/uploads\/2025\/05\/logo.svg","width":313,"height":38,"caption":"The Seduction"},"image":{"@id":"https:\/\/theseduction.eu\/en\/#\/schema\/logo\/image\/"}}]}},"_links":{"self":[{"href":"https:\/\/theseduction.eu\/en\/wp-json\/wp\/v2\/pages\/1395","targetHints":{"allow":["GET"]}}],"collection":[{"href":"https:\/\/theseduction.eu\/en\/wp-json\/wp\/v2\/pages"}],"about":[{"href":"https:\/\/theseduction.eu\/en\/wp-json\/wp\/v2\/types\/page"}],"author":[{"embeddable":true,"href":"https:\/\/theseduction.eu\/en\/wp-json\/wp\/v2\/users\/1"}],"replies":[{"embeddable":true,"href":"https:\/\/theseduction.eu\/en\/wp-json\/wp\/v2\/comments?post=1395"}],"version-history":[{"count":13,"href":"https:\/\/theseduction.eu\/en\/wp-json\/wp\/v2\/pages\/1395\/revisions"}],"predecessor-version":[{"id":1945,"href":"https:\/\/theseduction.eu\/en\/wp-json\/wp\/v2\/pages\/1395\/revisions\/1945"}],"wp:attachment":[{"href":"https:\/\/theseduction.eu\/en\/wp-json\/wp\/v2\/media?parent=1395"}],"curies":[{"name":"wp","href":"https:\/\/api.w.org\/{rel}","templated":true}]}}